{"id":12599,"date":"2020-09-21T18:21:11","date_gmt":"2020-09-21T17:21:11","guid":{"rendered":"https:\/\/www.fsyc.org\/violenciassexuales\/?page_id=12599"},"modified":"2020-09-21T18:45:44","modified_gmt":"2020-09-21T17:45:44","slug":"contacto","status":"publish","type":"page","link":"https:\/\/www.violenciessexuals.org\/es\/contacto\/","title":{"rendered":"Contacto"},"content":{"rendered":"<p><div id=\"links\" class=\"fusion-container-anchor\"><div class=\"fusion-fullwidth fullwidth-box fusion-builder-row-1 nonhundred-percent-fullwidth non-hundred-percent-height-scrolling\" style=\"--awb-border-radius-top-left:0px;--awb-border-radius-top-right:0px;--awb-border-radius-bottom-right:0px;--awb-border-radius-bottom-left:0px;--awb-margin-top:0px;--awb-background-color:#4f103a;--awb-flex-wrap:wrap;\" ><div class=\"fusion-builder-row fusion-row\"><div class=\"fusion-layout-column fusion_builder_column fusion-builder-column-0 fusion_builder_column_1_1 1_1 fusion-one-full fusion-column-first fusion-column-last\" style=\"--awb-padding-top:70px;--awb-padding-bottom:10px;--awb-bg-size:cover;--awb-margin-bottom:0px;\"><div class=\"fusion-column-wrapper fusion-flex-column-wrapper-legacy\"><div class=\"fusion-text fusion-text-1 titulo-pagina\"><h2 style=\"text-align: center;\"><span style=\"color: #ffffff;\">Formulario de Contacto<br \/>\n<\/span><\/h2>\n<\/div><div class=\"fusion-sep-clear\"><\/div><div class=\"fusion-separator fusion-full-width-sep\" style=\"margin-left: auto;margin-right: auto;margin-top:25px;width:100%;\"><\/div><div class=\"fusion-sep-clear\"><\/div><div class=\"fusion-clearfix\"><\/div><\/div><\/div><div class=\"fusion-layout-column fusion_builder_column fusion-builder-column-1 fusion_builder_column_1_1 1_1 fusion-one-full fusion-column-first fusion-column-last\" style=\"--awb-bg-size:cover;--awb-margin-bottom:0px;\"><div class=\"fusion-column-wrapper fusion-flex-column-wrapper-legacy\"><div class=\"fusion-section-separator section-separator triangle fusion-section-separator-1\" style=\"--awb-border-bottom:1px solid #4f103a;--awb-spacer-height:1px;--awb-svg-margin-left:0;--awb-svg-margin-right:0;--awb-icon-color:#ffffff;\"><div class=\"fusion-section-separator-svg\"><div class=\"divider-candy-arrow bottom\" style=\"top:0px;border-top-color: #4f103a;\"><\/div><div class=\"divider-candy bottom\" style=\"bottom:-21px;border-bottom:1px solid #4f103a;border-left:1px solid #4f103a;\"><\/div><\/div><div class=\"fusion-section-separator-spacer\"><div class=\"fusion-section-separator-spacer-height\"><\/div><\/div><\/div><div class=\"fusion-clearfix\"><\/div><\/div><\/div><\/div><\/div><\/div><div class=\"fusion-fullwidth fullwidth-box fusion-builder-row-2 nonhundred-percent-fullwidth non-hundred-percent-height-scrolling\" style=\"--awb-border-radius-top-left:0px;--awb-border-radius-top-right:0px;--awb-border-radius-bottom-right:0px;--awb-border-radius-bottom-left:0px;--awb-margin-top:20px;--awb-flex-wrap:wrap;\" ><div class=\"fusion-builder-row fusion-row\"><div class=\"fusion-layout-column fusion_builder_column fusion-builder-column-2 fusion_builder_column_1_1 1_1 fusion-one-full fusion-column-first fusion-column-last\" style=\"--awb-bg-size:cover;\"><div class=\"fusion-column-wrapper fusion-column-has-shadow fusion-flex-column-wrapper-legacy\"><div class=\"fusion-text fusion-text-2\"><script type=\"text\/javascript\">var gform;gform||(document.addEventListener(\"gform_main_scripts_loaded\",function(){gform.scriptsLoaded=!0}),window.addEventListener(\"DOMContentLoaded\",function(){gform.domLoaded=!0}),gform={domLoaded:!1,scriptsLoaded:!1,initializeOnLoaded:function(o){gform.domLoaded&&gform.scriptsLoaded?o():!gform.domLoaded&&gform.scriptsLoaded?window.addEventListener(\"DOMContentLoaded\",o):document.addEventListener(\"gform_main_scripts_loaded\",o)},hooks:{action:{},filter:{}},addAction:function(o,n,r,t){gform.addHook(\"action\",o,n,r,t)},addFilter:function(o,n,r,t){gform.addHook(\"filter\",o,n,r,t)},doAction:function(o){gform.doHook(\"action\",o,arguments)},applyFilters:function(o){return gform.doHook(\"filter\",o,arguments)},removeAction:function(o,n){gform.removeHook(\"action\",o,n)},removeFilter:function(o,n,r){gform.removeHook(\"filter\",o,n,r)},addHook:function(o,n,r,t,i){null==gform.hooks[o][n]&&(gform.hooks[o][n]=[]);var e=gform.hooks[o][n];null==i&&(i=n+\"_\"+e.length),gform.hooks[o][n].push({tag:i,callable:r,priority:t=null==t?10:t})},doHook:function(n,o,r){var t;if(r=Array.prototype.slice.call(r,1),null!=gform.hooks[n][o]&&((o=gform.hooks[n][o]).sort(function(o,n){return o.priority-n.priority}),o.forEach(function(o){\"function\"!=typeof(t=o.callable)&&(t=window[t]),\"action\"==n?t.apply(null,r):r[0]=t.apply(null,r)})),\"filter\"==n)return r[0]},removeHook:function(o,n,t,i){var r;null!=gform.hooks[o][n]&&(r=(r=gform.hooks[o][n]).filter(function(o,n,r){return!!(null!=i&&i!=o.tag||null!=t&&t!=o.priority)}),gform.hooks[o][n]=r)}});<\/script>\n                <div class='gf_browser_gecko gform_wrapper gform_legacy_markup_wrapper gform-theme--no-framework' data-form-theme='legacy' data-form-index='0' id='gform_wrapper_1' ><form method='post' enctype='multipart\/form-data'  id='gform_1'  action='\/es\/wp-json\/wp\/v2\/pages\/12599' data-formid='1' novalidate>\n                        <div class='gform-body gform_body'><ul id='gform_fields_1' class='gform_fields top_label form_sublabel_below description_below validation_below'><li id=\"field_1_1\" class=\"gfield gfield--type-name gfield--input-type-name gfield_contains_required field_sublabel_below gfield--no-description field_description_below field_validation_below gfield_visibility_visible\"  data-js-reload=\"field_1_1\" ><label class='gfield_label gform-field-label gfield_label_before_complex' >Nombre<span class=\"gfield_required\"><span class=\"gfield_required gfield_required_asterisk\">*<\/span><\/span><\/label><div class='ginput_complex ginput_container ginput_container--name no_prefix has_first_name no_middle_name has_last_name no_suffix gf_name_has_2 ginput_container_name gform-grid-row' id='input_1_1'>\n                            \n                            <span id='input_1_1_3_container' class='name_first gform-grid-col gform-grid-col--size-auto' >\n                                                    <input type='text' name='input_1.3' id='input_1_1_3' value=''   aria-required='true'     \/>\n                                                    <label for='input_1_1_3' class='gform-field-label gform-field-label--type-sub '>Nombre<\/label>\n                                                <\/span>\n                            \n                            <span id='input_1_1_6_container' class='name_last gform-grid-col gform-grid-col--size-auto' >\n                                                    <input type='text' name='input_1.6' id='input_1_1_6' value=''   aria-required='true'     \/>\n                                                    <label for='input_1_1_6' class='gform-field-label gform-field-label--type-sub '>Apellidos<\/label>\n                                                <\/span>\n                            \n                        <\/div><\/li><li id=\"field_1_2\" class=\"gfield gfield--type-phone gfield--input-type-phone field_sublabel_below gfield--no-description field_description_below field_validation_below gfield_visibility_visible\"  data-js-reload=\"field_1_2\" ><label class='gfield_label gform-field-label' for='input_1_2'>Tel\u00e9fono<\/label><div class='ginput_container ginput_container_phone'><input name='input_2' id='input_1_2' type='tel' value='' class='medium'    aria-invalid=\"false\"   \/><\/div><\/li><li id=\"field_1_5\" class=\"gfield gfield--type-email gfield--input-type-email gfield_contains_required field_sublabel_below gfield--no-description field_description_below field_validation_below gfield_visibility_visible\"  data-js-reload=\"field_1_5\" ><label class='gfield_label gform-field-label' for='input_1_5'>Email<span class=\"gfield_required\"><span class=\"gfield_required gfield_required_asterisk\">*<\/span><\/span><\/label><div class='ginput_container ginput_container_email'>\n                            <input name='input_5' id='input_1_5' type='email' value='' class='medium'    aria-required=\"true\" aria-invalid=\"false\"  \/>\n                        <\/div><\/li><li id=\"field_1_3\" class=\"gfield gfield--type-text gfield--input-type-text field_sublabel_below gfield--no-description field_description_below field_validation_below gfield_visibility_visible\"  data-js-reload=\"field_1_3\" ><label class='gfield_label gform-field-label' for='input_1_3'>Asunto<\/label><div class='ginput_container ginput_container_text'><input name='input_3' id='input_1_3' type='text' value='' class='medium'      aria-invalid=\"false\"   \/> <\/div><\/li><li id=\"field_1_4\" class=\"gfield gfield--type-textarea gfield--input-type-textarea gfield_contains_required field_sublabel_below gfield--no-description field_description_below field_validation_below gfield_visibility_visible\"  data-js-reload=\"field_1_4\" ><label class='gfield_label gform-field-label' for='input_1_4'>Mensaje<span class=\"gfield_required\"><span class=\"gfield_required gfield_required_asterisk\">*<\/span><\/span><\/label><div class='ginput_container ginput_container_textarea'><textarea name='input_4' id='input_1_4' class='textarea medium'     aria-required=\"true\" aria-invalid=\"false\"   rows='10' cols='50'><\/textarea><\/div><\/li><li id=\"field_1_6\" class=\"gfield gfield--type-consent gfield--type-choice gfield--input-type-consent gfield--width-full gfield_contains_required field_sublabel_below gfield--has-description field_description_below field_validation_below gfield_visibility_visible\"  data-js-reload=\"field_1_6\" ><label class='gfield_label gform-field-label gfield_label_before_complex' >Privacidad<span class=\"gfield_required\"><span class=\"gfield_required gfield_required_asterisk\">*<\/span><\/span><\/label><div class='ginput_container ginput_container_consent'><input name='input_6.1' id='input_1_6_1' type='checkbox' value='1'  aria-describedby=\"gfield_consent_description_1_6\" aria-required=\"true\" aria-invalid=\"false\"   \/> <label class=\"gform-field-label gform-field-label--type-inline gfield_consent_label\" for='input_1_6_1' >He le\u00eddo y estoy de acuerdo con la <a href=\"https:\/\/www.violenciessexuals.org\/es\/politica-de-privacidad\/\" target=\"_blank\"> pol\u00edtica de privacidad<\/a><\/label><input type='hidden' name='input_6.2' value='He le\u00eddo y estoy de acuerdo con la &lt;a href=&quot;https:\/\/www.violenciessexuals.org\/es\/politica-de-privacidad\/&quot; target=&quot;_blank&quot;&gt; pol\u00edtica de privacidad&lt;\/a&gt;' class='gform_hidden' \/><input type='hidden' name='input_6.3' value='1' class='gform_hidden' \/><\/div><div class='gfield_description gfield_consent_description' id='gfield_consent_description_1_6'>INFORMACI\u00d3N B\u00c1SICA DE PROTECCI\u00d3N DE DATOS:<br \/>\nResponsable del tratamiento: FUNDACI\u00d3N SALUD Y COMUNIDAD<br \/>\nFinalidad del tratamiento: Gestionar las consultas planteadas.<br \/>\nLegitimaci\u00f3n del tratamiento: Inter\u00e9s leg\u00edtimo y consentimiento del interesado\/a.<br \/>\nConservaci\u00f3n de los datos: Se conservar\u00e1n mientras exista un inter\u00e9s mutuo o durante el tiempo necesario para el cumplimiento de las obligaciones legales. <br \/>\nDestinatarios: Prestadores de servicio o colaboradores.<br \/>\nDerechos: Derecho a retirar el consentimiento en cualquier momento. Derecho de acceso, rectificaci\u00f3n, portabilidad y supresi\u00f3n de sus datos y a la limitaci\u00f3n u oposici\u00f3n al su tratamiento. Datos de contacto para ejercer sus derechos: dpd@fsyc.org<br \/>\nInformaci\u00f3n adicional: Puede consultar la informaci\u00f3n adicional en nuestra Pol\u00edtica de Privacidad.<br \/>\n<\/div><\/li><li id=\"field_1_7\" class=\"gfield gfield--type-honeypot gform_validation_container field_sublabel_below gfield--has-description field_description_below field_validation_below gfield_visibility_visible\"  data-js-reload=\"field_1_7\" ><label class='gfield_label gform-field-label' for='input_1_7'>Email<\/label><div class='ginput_container'><input name='input_7' id='input_1_7' type='text' value='' autocomplete='new-password'\/><\/div><div class='gfield_description' id='gfield_description_1_7'>Este campo es un campo de validaci\u00f3n y debe quedar sin cambios.<\/div><\/li><\/ul><\/div>\n        <div class='gform_footer top_label'> <input type='submit' id='gform_submit_button_1' class='gform_button button' value='Enviar'  onclick='if(window[\"gf_submitting_1\"]){return false;}  if( !jQuery(\"#gform_1\")[0].checkValidity || jQuery(\"#gform_1\")[0].checkValidity()){window[\"gf_submitting_1\"]=true;}  ' onkeypress='if( event.keyCode == 13 ){ if(window[\"gf_submitting_1\"]){return false;} if( !jQuery(\"#gform_1\")[0].checkValidity || jQuery(\"#gform_1\")[0].checkValidity()){window[\"gf_submitting_1\"]=true;}  jQuery(\"#gform_1\").trigger(\"submit\",[true]); }' \/> \n            <input type='hidden' class='gform_hidden' name='is_submit_1' value='1' \/>\n            <input type='hidden' class='gform_hidden' name='gform_submit' value='1' \/>\n            \n            <input type='hidden' class='gform_hidden' name='gform_unique_id' value='' \/>\n            <input type='hidden' class='gform_hidden' name='state_1' value='WyJ7XCI2LjFcIjpcImE4ZjU4MzI3ODhiOTU1YWE3NjgzM2Y0MWRjZmIzOTRkXCIsXCI2LjJcIjpcImU5N2YwMTczNjNiNThlYjI5OTEyYjY5ODFlYjE1ODA2XCIsXCI2LjNcIjpcImE4ZjU4MzI3ODhiOTU1YWE3NjgzM2Y0MWRjZmIzOTRkXCJ9IiwiYjI0Y2FiMzc1MDc1MzZjNTEwNDI2YTNiMGFkMTg5NGYiXQ==' \/>\n            <input type='hidden' class='gform_hidden' name='gform_target_page_number_1' id='gform_target_page_number_1' value='0' \/>\n            <input type='hidden' class='gform_hidden' name='gform_source_page_number_1' id='gform_source_page_number_1' value='1' \/>\n            <input type='hidden' name='gform_field_values' value='' \/>\n            \n        <\/div>\n                        <p style=\"display: none !important;\" class=\"akismet-fields-container\" data-prefix=\"ak_\"><label>&#916;<textarea name=\"ak_hp_textarea\" cols=\"45\" rows=\"8\" maxlength=\"100\"><\/textarea><\/label><input type=\"hidden\" id=\"ak_js_1\" name=\"ak_js\" value=\"98\"\/><script>document.getElementById( \"ak_js_1\" ).setAttribute( \"value\", ( new Date() ).getTime() );<\/script><\/p><\/form>\n                        <\/div><script type=\"text\/javascript\">\n\/* <![CDATA[ *\/\n gform.initializeOnLoaded( function() {gformInitSpinner( 1, 'https:\/\/www.violenciessexuals.org\/wp-content\/plugins\/gravityforms\/images\/spinner.svg', true );jQuery('#gform_ajax_frame_1').on('load',function(){var contents = jQuery(this).contents().find('*').html();var is_postback = contents.indexOf('GF_AJAX_POSTBACK') >= 0;if(!is_postback){return;}var form_content = jQuery(this).contents().find('#gform_wrapper_1');var is_confirmation = jQuery(this).contents().find('#gform_confirmation_wrapper_1').length > 0;var is_redirect = contents.indexOf('gformRedirect(){') >= 0;var is_form = form_content.length > 0 && ! is_redirect && ! is_confirmation;var mt = parseInt(jQuery('html').css('margin-top'), 10) + parseInt(jQuery('body').css('margin-top'), 10) + 100;if(is_form){jQuery('#gform_wrapper_1').html(form_content.html());if(form_content.hasClass('gform_validation_error')){jQuery('#gform_wrapper_1').addClass('gform_validation_error');} else {jQuery('#gform_wrapper_1').removeClass('gform_validation_error');}setTimeout( function() { \/* delay the scroll by 50 milliseconds to fix a bug in chrome *\/  }, 50 );if(window['gformInitDatepicker']) {gformInitDatepicker();}if(window['gformInitPriceFields']) {gformInitPriceFields();}var current_page = jQuery('#gform_source_page_number_1').val();gformInitSpinner( 1, 'https:\/\/www.violenciessexuals.org\/wp-content\/plugins\/gravityforms\/images\/spinner.svg', true );jQuery(document).trigger('gform_page_loaded', [1, current_page]);window['gf_submitting_1'] = false;}else if(!is_redirect){var confirmation_content = jQuery(this).contents().find('.GF_AJAX_POSTBACK').html();if(!confirmation_content){confirmation_content = contents;}jQuery('#gform_wrapper_1').replaceWith(confirmation_content);jQuery(document).trigger('gform_confirmation_loaded', [1]);window['gf_submitting_1'] = false;wp.a11y.speak(jQuery('#gform_confirmation_message_1').text());}else{jQuery('#gform_1').append(contents);if(window['gformRedirect']) {gformRedirect();}}jQuery(document).trigger(\"gform_pre_post_render\", [{ formId: \"1\", currentPage: \"current_page\", abort: function() { this.preventDefault(); } }]);                if (event && event.defaultPrevented) {                return;         }        const gformWrapperDiv = document.getElementById( \"gform_wrapper_1\" );        if ( gformWrapperDiv ) {            const visibilitySpan = document.createElement( \"span\" );            visibilitySpan.id = \"gform_visibility_test_1\";            gformWrapperDiv.insertAdjacentElement( \"afterend\", visibilitySpan );        }        const visibilityTestDiv = document.getElementById( \"gform_visibility_test_1\" );        let postRenderFired = false;                function triggerPostRender() {            if ( postRenderFired ) {                return;            }            postRenderFired = true;            jQuery( document ).trigger( 'gform_post_render', [1, current_page] );            gform.utils.trigger( { event: 'gform\/postRender', native: false, data: { formId: 1, currentPage: current_page } } );            if ( visibilityTestDiv ) {                visibilityTestDiv.parentNode.removeChild( visibilityTestDiv );            }        }        function debounce( func, wait, immediate ) {            var timeout;            return function() {                var context = this, args = arguments;                var later = function() {                    timeout = null;                    if ( !immediate ) func.apply( context, args );                };                var callNow = immediate && !timeout;                clearTimeout( timeout );                timeout = setTimeout( later, wait );                if ( callNow ) func.apply( context, args );            };        }        const debouncedTriggerPostRender = debounce( function() {            triggerPostRender();        }, 200 );        if ( visibilityTestDiv && visibilityTestDiv.offsetParent === null ) {            const observer = new MutationObserver( ( mutations ) => {                mutations.forEach( ( mutation ) => {                    if ( mutation.type === 'attributes' && visibilityTestDiv.offsetParent !== null ) {                        debouncedTriggerPostRender();                        observer.disconnect();                    }                });            });            observer.observe( document.body, {                attributes: true,                childList: false,                subtree: true,                attributeFilter: [ 'style', 'class' ],            });        } else {            triggerPostRender();        }    } );} ); \n\/* ]]> *\/\n<\/script>\n\n<\/div><div class=\"fusion-clearfix\"><\/div><\/div><\/div><\/div><\/div><\/p>\n","protected":false},"excerpt":{"rendered":"","protected":false},"author":1,"featured_media":0,"parent":0,"menu_order":10,"comment_status":"closed","ping_status":"closed","template":"100-width.php","meta":{"_joinchat":[],"footnotes":""},"class_list":["post-12599","page","type-page","status-publish","hentry"],"yoast_head":"<!-- This site is optimized with the Yoast SEO plugin v27.3 - https:\/\/yoast.com\/product\/yoast-seo-wordpress\/ -->\n<title>Contacto - Violencias Sexuales<\/title>\n<meta name=\"robots\" content=\"index, follow, max-snippet:-1, max-image-preview:large, max-video-preview:-1\" \/>\n<link rel=\"canonical\" href=\"https:\/\/www.violenciessexuals.org\/es\/contacto\/\" \/>\n<meta property=\"og:locale\" content=\"es_ES\" \/>\n<meta property=\"og:type\" content=\"article\" \/>\n<meta property=\"og:title\" content=\"Contacto - Violencias Sexuales\" \/>\n<meta property=\"og:url\" content=\"https:\/\/www.violenciessexuals.org\/es\/contacto\/\" \/>\n<meta property=\"og:site_name\" content=\"Violencias Sexuales\" \/>\n<meta property=\"article:modified_time\" content=\"2020-09-21T17:45:44+00:00\" \/>\n<meta name=\"twitter:card\" content=\"summary_large_image\" \/>\n<meta name=\"twitter:label1\" content=\"Tiempo de lectura\" \/>\n\t<meta name=\"twitter:data1\" content=\"3 minutos\" \/>\n<script type=\"application\/ld+json\" class=\"yoast-schema-graph\">{\"@context\":\"https:\\\/\\\/schema.org\",\"@graph\":[{\"@type\":\"WebPage\",\"@id\":\"https:\\\/\\\/www.violenciessexuals.org\\\/es\\\/contacto\\\/\",\"url\":\"https:\\\/\\\/www.violenciessexuals.org\\\/es\\\/contacto\\\/\",\"name\":\"Contacto - Violencias Sexuales\",\"isPartOf\":{\"@id\":\"https:\\\/\\\/www.violenciessexuals.org\\\/#website\"},\"datePublished\":\"2020-09-21T17:21:11+00:00\",\"dateModified\":\"2020-09-21T17:45:44+00:00\",\"breadcrumb\":{\"@id\":\"https:\\\/\\\/www.violenciessexuals.org\\\/es\\\/contacto\\\/#breadcrumb\"},\"inLanguage\":\"es\",\"potentialAction\":[{\"@type\":\"ReadAction\",\"target\":[\"https:\\\/\\\/www.violenciessexuals.org\\\/es\\\/contacto\\\/\"]}]},{\"@type\":\"BreadcrumbList\",\"@id\":\"https:\\\/\\\/www.violenciessexuals.org\\\/es\\\/contacto\\\/#breadcrumb\",\"itemListElement\":[{\"@type\":\"ListItem\",\"position\":1,\"name\":\"Portada\",\"item\":\"https:\\\/\\\/www.violenciessexuals.org\\\/es\\\/\"},{\"@type\":\"ListItem\",\"position\":2,\"name\":\"Contacto\"}]},{\"@type\":\"WebSite\",\"@id\":\"https:\\\/\\\/www.violenciessexuals.org\\\/#website\",\"url\":\"https:\\\/\\\/www.violenciessexuals.org\\\/\",\"name\":\"Violencias Sexuales\",\"description\":\"\",\"potentialAction\":[{\"@type\":\"SearchAction\",\"target\":{\"@type\":\"EntryPoint\",\"urlTemplate\":\"https:\\\/\\\/www.violenciessexuals.org\\\/?s={search_term_string}\"},\"query-input\":{\"@type\":\"PropertyValueSpecification\",\"valueRequired\":true,\"valueName\":\"search_term_string\"}}],\"inLanguage\":\"es\"}]}<\/script>\n<!-- \/ Yoast SEO plugin. -->","yoast_head_json":{"title":"Contacto - Violencias Sexuales","robots":{"index":"index","follow":"follow","max-snippet":"max-snippet:-1","max-image-preview":"max-image-preview:large","max-video-preview":"max-video-preview:-1"},"canonical":"https:\/\/www.violenciessexuals.org\/es\/contacto\/","og_locale":"es_ES","og_type":"article","og_title":"Contacto - Violencias Sexuales","og_url":"https:\/\/www.violenciessexuals.org\/es\/contacto\/","og_site_name":"Violencias Sexuales","article_modified_time":"2020-09-21T17:45:44+00:00","twitter_card":"summary_large_image","twitter_misc":{"Tiempo de lectura":"3 minutos"},"schema":{"@context":"https:\/\/schema.org","@graph":[{"@type":"WebPage","@id":"https:\/\/www.violenciessexuals.org\/es\/contacto\/","url":"https:\/\/www.violenciessexuals.org\/es\/contacto\/","name":"Contacto - Violencias Sexuales","isPartOf":{"@id":"https:\/\/www.violenciessexuals.org\/#website"},"datePublished":"2020-09-21T17:21:11+00:00","dateModified":"2020-09-21T17:45:44+00:00","breadcrumb":{"@id":"https:\/\/www.violenciessexuals.org\/es\/contacto\/#breadcrumb"},"inLanguage":"es","potentialAction":[{"@type":"ReadAction","target":["https:\/\/www.violenciessexuals.org\/es\/contacto\/"]}]},{"@type":"BreadcrumbList","@id":"https:\/\/www.violenciessexuals.org\/es\/contacto\/#breadcrumb","itemListElement":[{"@type":"ListItem","position":1,"name":"Portada","item":"https:\/\/www.violenciessexuals.org\/es\/"},{"@type":"ListItem","position":2,"name":"Contacto"}]},{"@type":"WebSite","@id":"https:\/\/www.violenciessexuals.org\/#website","url":"https:\/\/www.violenciessexuals.org\/","name":"Violencias Sexuales","description":"","potentialAction":[{"@type":"SearchAction","target":{"@type":"EntryPoint","urlTemplate":"https:\/\/www.violenciessexuals.org\/?s={search_term_string}"},"query-input":{"@type":"PropertyValueSpecification","valueRequired":true,"valueName":"search_term_string"}}],"inLanguage":"es"}]}},"_links":{"self":[{"href":"https:\/\/www.violenciessexuals.org\/es\/wp-json\/wp\/v2\/pages\/12599","targetHints":{"allow":["GET"]}}],"collection":[{"href":"https:\/\/www.violenciessexuals.org\/es\/wp-json\/wp\/v2\/pages"}],"about":[{"href":"https:\/\/www.violenciessexuals.org\/es\/wp-json\/wp\/v2\/types\/page"}],"author":[{"embeddable":true,"href":"https:\/\/www.violenciessexuals.org\/es\/wp-json\/wp\/v2\/users\/1"}],"replies":[{"embeddable":true,"href":"https:\/\/www.violenciessexuals.org\/es\/wp-json\/wp\/v2\/comments?post=12599"}],"version-history":[{"count":0,"href":"https:\/\/www.violenciessexuals.org\/es\/wp-json\/wp\/v2\/pages\/12599\/revisions"}],"wp:attachment":[{"href":"https:\/\/www.violenciessexuals.org\/es\/wp-json\/wp\/v2\/media?parent=12599"}],"curies":[{"name":"wp","href":"https:\/\/api.w.org\/{rel}","templated":true}]}}