{"id":12665,"date":"2024-10-22T13:17:16","date_gmt":"2024-10-22T12:17:16","guid":{"rendered":"https:\/\/www.violenciessexuals.org\/politica-de-cookies\/"},"modified":"2024-10-22T13:17:16","modified_gmt":"2024-10-22T12:17:16","slug":"politica-de-cookies","status":"publish","type":"page","link":"https:\/\/www.violenciessexuals.org\/es\/politica-de-cookies\/","title":{"rendered":"Pol\u00edtica de Cookies"},"content":{"rendered":"<p>Aquest lloc web utilitza cookies pr\u00f2pies i de tercers per oferir-vos una millor experi\u00e8ncia i servei. En navegar o utilitzar els nostres serveis l\u2019usuari accepta l\u2019\u00fas que fem de les galetes. Tot i aix\u00f2, l\u2019usuari t\u00e9 l\u2019opci\u00f3 d\u2019impedir la generaci\u00f3 de cookies i l\u2019eliminaci\u00f3 de les cookies.<\/p>\n<h4><strong>QU\u00c8 \u00c9S UNA COOKIE?<\/strong><\/h4>\n<p>Una galeta \u00e9s un petit fragment de text que els llocs web envien al navegador i que s\u2019emmagatzemen al terminal de l\u2019usuari, el qual pot ser un ordinador personal, un tel\u00e8fon m\u00f2bil, tauleta, etc. Aquests fitxers permeten que el lloc web recordi informaci\u00f3 sobre la vostra visita, com l\u2019idioma i les opcions preferides, la qual cosa pot facilitar la vostra propera visita i fer que el lloc resulti m\u00e9s \u00fatil en personalitzar el contingut. Les galetes exerceixen un paper molt important, en millorar l\u2019experi\u00e8ncia d\u2019\u00fas de la web.<\/p>\n<h4><strong>TIPUS DE COOKIES<\/strong><\/h4>\n<p>Segons l\u2019entitat que les gestioni, les galetes poden ser:<\/p>\n<ul>\n<li><strong>Cookies pr\u00f2pies<\/strong>\u00a0: S\u00f3n aquelles que s\u2019envien a l\u2019equip terminal de l\u2019interessat des d\u2019un equip o domini gestionat pel mateix editor i des del qual es presta el servei sol\u00b7licitat per l\u2019usuari.<\/li>\n<li><strong>Galetes de tercer<\/strong>\u00a0: S\u00f3n aquelles que s\u2019envien a l\u2019equip terminal de l\u2019usuari des d\u2019un equip o domini que no \u00e9s gestionat per l\u2019editor, sin\u00f3 per una altra entitat que tracta les dades obtingudes a trav\u00e9s de les galetes.<\/li>\n<\/ul>\n<p>Segons el termini de temps que romanen activades:<\/p>\n<ul>\n<li><strong>Cookies de sessi\u00f3<\/strong>\u00a0: S\u00f3n un tipus de cookies dissenyades per demanar i emmagatzemar dades mentre l\u2019usuari accedeix a una p\u00e0gina web. Se solen fer servir per emmagatzemar informaci\u00f3 que nom\u00e9s interessa conservar per a la prestaci\u00f3 del servei sol\u00b7licitat per l\u2019usuari en una sola ocasi\u00f3.<\/li>\n<li><strong>Cookies persistents<\/strong>\u00a0: S\u00f3n un tipus de cookies en qu\u00e8 les dades segueixen emmagatzemades al terminal i poden ser accedides i tractades durant un per\u00edode definit pel responsable de la galeta, i que pot anar d\u2019uns minuts a diversos anys.<\/li>\n<\/ul>\n<p>Segons la finalitat per a la qual es tractin les dades obtingudes a trav\u00e9s de les cookies, la web pot utilitzar:<\/p>\n<p><strong><em>Cookies t\u00e8cniques \u2013<\/em><\/strong>\u00a0S\u00f3n aquelles que permeten a l\u2019usuari la navegaci\u00f3 a trav\u00e9s de la p\u00e0gina web o aplicaci\u00f3 i la utilitzaci\u00f3 de les diferents opcions o serveis que hi existeixen. Per exemple, controlar el tr\u00e0nsit i la comunicaci\u00f3 de dades, identificar la sessi\u00f3, accedir a les parts web d\u2019acc\u00e9s restringit, recordar els elements que integren una comanda, fer la sol\u00b7licitud d\u2019inscripci\u00f3 o participaci\u00f3 en un esdeveniment, utilitzar elements de seguretat durant la navegaci\u00f3 i emmagatzemar continguts per a la difusi\u00f3 de v\u00eddeos o so.<\/p>\n<p><strong><em>Cookies de personalitzaci\u00f3 \u2013<\/em><\/strong>\u00a0S\u00f3n aquelles que permeten a l\u2019usuari accedir al servei amb algunes caracter\u00edstiques de car\u00e0cter general predefinides al seu terminal o que el mateix usuari defineixi. Per exemple, l\u2019idioma, el tipus de navegador a trav\u00e9s del qual accedeix al servei, el disseny de continguts seleccionat, la geolocalitzaci\u00f3 del terminal i la configuraci\u00f3 regional des d\u2019on s\u2019accedeix al servei.<\/p>\n<p><strong><em>Galetes publicit\u00e0ries \u2013<\/em><\/strong>\u00a0S\u00f3n aquelles que permeten la gesti\u00f3 efica\u00e7 dels espais publicitaris que s\u2019han incl\u00f2s a la p\u00e0gina web o aplicaci\u00f3 des de la qual es presta el servei. Permeten adequar el contingut de la publicitat perqu\u00e8 aquesta sigui rellevant per a lusuari i per evitar mostrar anuncis que lusuari ja hagi vist.<\/p>\n<p><strong><em>Galetes d\u2019an\u00e0lisi estad\u00edstica \u2013<\/em><\/strong>\u00a0S\u00f3n aquelles que permeten fer el seguiment i l\u2019an\u00e0lisi del comportament dels usuaris als llocs web. La informaci\u00f3 recollida mitjan\u00e7ant aquest tipus de cookies s\u2019utilitza en el mesurament de l\u2019activitat dels llocs web, l\u2019aplicaci\u00f3 o la plataforma i per a l\u2019elaboraci\u00f3 de perfils de navegaci\u00f3 dels usuaris d\u2019aquests llocs, a fi d\u2019introduir millores al servei en funci\u00f3 dades d\u2019\u00fas que fan els usuaris.<\/p>\n<p>&nbsp;<\/p>\n<h4><strong>CONSENTIMENT<\/strong><\/h4>\n<p>En fer clic a \u00abD\u2019acord\u00bb, accepta volunt\u00e0riament el tractament de dades i les galetes funcionen de forma normal.<\/p>\n<p>En fer clic a \u201cAcceptar nom\u00e9s all\u00f2 necessari\u201d, \u00fanicament s\u2019utilitzaran les cookies estrictament necess\u00e0ries i no venem, ni vendrem, cap dada personal que t\u2019identifiqui directament a tercers. Tot i aix\u00f2, podem proporcionar a tercers, com els nostres socis de marca, informaci\u00f3 sobre els nostres clients i les seves compres. Abans de fer-ho, ens assegurarem que aquesta informaci\u00f3 no us identifiqui, ja sigui afegint-la, anonimitzant-la o eliminant-ne identificadors personals.<\/p>\n<p>Si acceptes un tipus de galetes i un altre no, es tractaran les dades de les galetes acceptades i de la resta s\u2019enviaran dades de manera que no t\u2019identifiqui.<strong>\u00a0\u00a0\u00a0\u00a0\u00a0\u00a0\u00a0\u00a0\u00a0\u00a0\u00a0\u00a0\u00a0\u00a0\u00a0\u00a0\u00a0\u00a0\u00a0\u00a0\u00a0\u00a0\u00a0\u00a0\u00a0\u00a0\u00a0\u00a0\u00a0\u00a0\u00a0\u00a0\u00a0\u00a0\u00a0\u00a0\u00a0\u00a0\u00a0\u00a0\u00a0\u00a0\u00a0\u00a0\u00a0\u00a0\u00a0\u00a0\u00a0<\/strong><\/p>\n<h4><strong>COM ADMINISTRAR COOKIES AL NAVEGADOR?<\/strong><\/h4>\n<p>L\u2019usuari t\u00e9 l\u2019opci\u00f3 de permetre, bloquejar o eliminar les cookies instal\u00b7lades al vostre equip mitjan\u00e7ant la configuraci\u00f3 de les opcions del navegador instal\u00b7lat al vostre terminal:<\/p>\n<ul>\n<li><strong>Firefox<\/strong>:<br \/>\n<a href=\"http:\/\/support.mozilla.org\/es\/kb\/habilitar-y-deshabilitar-cookies-que-los-sitios-we\">http:\/\/support.mozilla.org\/es\/kb\/habilitar-y-deshabilitar-cookies-que-los-sitios-we<\/a><\/li>\n<li><strong>Chrome<\/strong>:<br \/>\n<a class=\"cursor-init\" href=\"http:\/\/support.google.com\/chrome\/bin\/answer.py?hl=es&amp;answer=95647\">http:\/\/support.google.com\/chrome\/bin\/answer.py?hl=es&amp;answer=95647<\/a><\/li>\n<li><strong>Internet Explorer<\/strong>:<br \/>\n<a href=\"https:\/\/support.microsoft.com\/es-es\/help\/278835\/how-to-delete-cookie-files-in-internet-explorer\">https:\/\/support.microsoft.com\/es-es\/help\/278835\/how-to-delete-cookie-files-in-internet-explorer<\/a><\/li>\n<li><strong>Microsoft Edge:<br \/>\n<\/strong><a class=\"cursor-init\" href=\"https:\/\/support.microsoft.com\/es-es\/help\/4468242\/microsoft-edge-browsing-data-and-privacy-microsoft-privacy\">https:\/\/support.microsoft.com\/es-es\/help\/4468242\/microsoft-edge-browsing-data-and-privacy-microsoft-privacy<\/a><\/li>\n<li><strong>Safari<\/strong>:<br \/>\n<a href=\"http:\/\/support.apple.com\/kb\/ph5042\">http:\/\/support.apple.com\/kb\/ph5042<\/a><\/li>\n<li><strong>Opera<\/strong>:<br \/>\n<a href=\"http:\/\/help.opera.com\/Windows\/11.50\/es-ES\/cookies.html\">http:\/\/help.opera.com\/Windows\/11.50\/es-ES\/cookies.html<\/a><\/li>\n<\/ul>\n<p>En alguns navegadors es poden configurar regles espec\u00edfiques per administrar cookies per lloc web, cosa que ofereix un control m\u00e9s prec\u00eds sobre la privadesa. Aix\u00f2 significa que es poden inhabilitar cookies de tots els llocs excepte aquells en qu\u00e8 es confi\u00ef.<\/p>\n","protected":false},"excerpt":{"rendered":"<p>Aquest lloc web utilitza cookies pr\u00f2pies i de tercers per oferir-vos una millor experi\u00e8ncia i servei. En navegar o utilitzar els nostres serveis l\u2019usuari accepta l\u2019\u00fas que fem de les galetes. Tot i aix\u00f2, l\u2019usuari t\u00e9 l\u2019opci\u00f3 d\u2019impedir la generaci\u00f3 de cookies i l\u2019eliminaci\u00f3 de les cookies. QU\u00c8 \u00c9S UNA COOKIE? Una galeta \u00e9s un petit  [&#8230;]<\/p>\n","protected":false},"author":1,"featured_media":0,"parent":0,"menu_order":0,"comment_status":"closed","ping_status":"closed","template":"","meta":{"_joinchat":[],"footnotes":""},"class_list":["post-12665","page","type-page","status-publish","hentry"],"yoast_head":"<!-- This site is optimized with the Yoast SEO plugin v27.5 - https:\/\/yoast.com\/product\/yoast-seo-wordpress\/ -->\n<title>Pol\u00edtica de Cookies - Violencias Sexuales<\/title>\n<meta name=\"robots\" content=\"index, follow, max-snippet:-1, max-image-preview:large, max-video-preview:-1\" \/>\n<link rel=\"canonical\" href=\"https:\/\/www.violenciessexuals.org\/es\/politica-de-cookies\/\" \/>\n<meta property=\"og:locale\" content=\"es_ES\" \/>\n<meta property=\"og:type\" content=\"article\" \/>\n<meta property=\"og:title\" content=\"Pol\u00edtica de Cookies - Violencias Sexuales\" \/>\n<meta property=\"og:description\" content=\"Aquest lloc web utilitza cookies pr\u00f2pies i de tercers per oferir-vos una millor experi\u00e8ncia i servei. En navegar o utilitzar els nostres serveis l\u2019usuari accepta l\u2019\u00fas que fem de les galetes. Tot i aix\u00f2, l\u2019usuari t\u00e9 l\u2019opci\u00f3 d\u2019impedir la generaci\u00f3 de cookies i l\u2019eliminaci\u00f3 de les cookies. QU\u00c8 \u00c9S UNA COOKIE? Una galeta \u00e9s un petit [...]\" \/>\n<meta property=\"og:url\" content=\"https:\/\/www.violenciessexuals.org\/es\/politica-de-cookies\/\" \/>\n<meta property=\"og:site_name\" content=\"Violencias Sexuales\" \/>\n<meta name=\"twitter:card\" content=\"summary_large_image\" \/>\n<meta name=\"twitter:label1\" content=\"Tiempo de lectura\" \/>\n\t<meta name=\"twitter:data1\" content=\"5 minutos\" \/>\n<script type=\"application\/ld+json\" class=\"yoast-schema-graph\">{\"@context\":\"https:\\\/\\\/schema.org\",\"@graph\":[{\"@type\":\"WebPage\",\"@id\":\"https:\\\/\\\/www.violenciessexuals.org\\\/es\\\/politica-de-cookies\\\/\",\"url\":\"https:\\\/\\\/www.violenciessexuals.org\\\/es\\\/politica-de-cookies\\\/\",\"name\":\"Pol\u00edtica de Cookies - Violencias Sexuales\",\"isPartOf\":{\"@id\":\"https:\\\/\\\/www.violenciessexuals.org\\\/#website\"},\"datePublished\":\"2024-10-22T12:17:16+00:00\",\"breadcrumb\":{\"@id\":\"https:\\\/\\\/www.violenciessexuals.org\\\/es\\\/politica-de-cookies\\\/#breadcrumb\"},\"inLanguage\":\"es\",\"potentialAction\":[{\"@type\":\"ReadAction\",\"target\":[\"https:\\\/\\\/www.violenciessexuals.org\\\/es\\\/politica-de-cookies\\\/\"]}]},{\"@type\":\"BreadcrumbList\",\"@id\":\"https:\\\/\\\/www.violenciessexuals.org\\\/es\\\/politica-de-cookies\\\/#breadcrumb\",\"itemListElement\":[{\"@type\":\"ListItem\",\"position\":1,\"name\":\"Portada\",\"item\":\"https:\\\/\\\/www.violenciessexuals.org\\\/es\\\/\"},{\"@type\":\"ListItem\",\"position\":2,\"name\":\"Pol\u00edtica de Cookies\"}]},{\"@type\":\"WebSite\",\"@id\":\"https:\\\/\\\/www.violenciessexuals.org\\\/#website\",\"url\":\"https:\\\/\\\/www.violenciessexuals.org\\\/\",\"name\":\"Violencias Sexuales\",\"description\":\"\",\"potentialAction\":[{\"@type\":\"SearchAction\",\"target\":{\"@type\":\"EntryPoint\",\"urlTemplate\":\"https:\\\/\\\/www.violenciessexuals.org\\\/?s={search_term_string}\"},\"query-input\":{\"@type\":\"PropertyValueSpecification\",\"valueRequired\":true,\"valueName\":\"search_term_string\"}}],\"inLanguage\":\"es\"}]}<\/script>\n<!-- \/ Yoast SEO plugin. -->","yoast_head_json":{"title":"Pol\u00edtica de Cookies - Violencias Sexuales","robots":{"index":"index","follow":"follow","max-snippet":"max-snippet:-1","max-image-preview":"max-image-preview:large","max-video-preview":"max-video-preview:-1"},"canonical":"https:\/\/www.violenciessexuals.org\/es\/politica-de-cookies\/","og_locale":"es_ES","og_type":"article","og_title":"Pol\u00edtica de Cookies - Violencias Sexuales","og_description":"Aquest lloc web utilitza cookies pr\u00f2pies i de tercers per oferir-vos una millor experi\u00e8ncia i servei. En navegar o utilitzar els nostres serveis l\u2019usuari accepta l\u2019\u00fas que fem de les galetes. Tot i aix\u00f2, l\u2019usuari t\u00e9 l\u2019opci\u00f3 d\u2019impedir la generaci\u00f3 de cookies i l\u2019eliminaci\u00f3 de les cookies. QU\u00c8 \u00c9S UNA COOKIE? Una galeta \u00e9s un petit [...]","og_url":"https:\/\/www.violenciessexuals.org\/es\/politica-de-cookies\/","og_site_name":"Violencias Sexuales","twitter_card":"summary_large_image","twitter_misc":{"Tiempo de lectura":"5 minutos"},"schema":{"@context":"https:\/\/schema.org","@graph":[{"@type":"WebPage","@id":"https:\/\/www.violenciessexuals.org\/es\/politica-de-cookies\/","url":"https:\/\/www.violenciessexuals.org\/es\/politica-de-cookies\/","name":"Pol\u00edtica de Cookies - Violencias Sexuales","isPartOf":{"@id":"https:\/\/www.violenciessexuals.org\/#website"},"datePublished":"2024-10-22T12:17:16+00:00","breadcrumb":{"@id":"https:\/\/www.violenciessexuals.org\/es\/politica-de-cookies\/#breadcrumb"},"inLanguage":"es","potentialAction":[{"@type":"ReadAction","target":["https:\/\/www.violenciessexuals.org\/es\/politica-de-cookies\/"]}]},{"@type":"BreadcrumbList","@id":"https:\/\/www.violenciessexuals.org\/es\/politica-de-cookies\/#breadcrumb","itemListElement":[{"@type":"ListItem","position":1,"name":"Portada","item":"https:\/\/www.violenciessexuals.org\/es\/"},{"@type":"ListItem","position":2,"name":"Pol\u00edtica de Cookies"}]},{"@type":"WebSite","@id":"https:\/\/www.violenciessexuals.org\/#website","url":"https:\/\/www.violenciessexuals.org\/","name":"Violencias Sexuales","description":"","potentialAction":[{"@type":"SearchAction","target":{"@type":"EntryPoint","urlTemplate":"https:\/\/www.violenciessexuals.org\/?s={search_term_string}"},"query-input":{"@type":"PropertyValueSpecification","valueRequired":true,"valueName":"search_term_string"}}],"inLanguage":"es"}]}},"_links":{"self":[{"href":"https:\/\/www.violenciessexuals.org\/es\/wp-json\/wp\/v2\/pages\/12665","targetHints":{"allow":["GET"]}}],"collection":[{"href":"https:\/\/www.violenciessexuals.org\/es\/wp-json\/wp\/v2\/pages"}],"about":[{"href":"https:\/\/www.violenciessexuals.org\/es\/wp-json\/wp\/v2\/types\/page"}],"author":[{"embeddable":true,"href":"https:\/\/www.violenciessexuals.org\/es\/wp-json\/wp\/v2\/users\/1"}],"replies":[{"embeddable":true,"href":"https:\/\/www.violenciessexuals.org\/es\/wp-json\/wp\/v2\/comments?post=12665"}],"version-history":[{"count":0,"href":"https:\/\/www.violenciessexuals.org\/es\/wp-json\/wp\/v2\/pages\/12665\/revisions"}],"wp:attachment":[{"href":"https:\/\/www.violenciessexuals.org\/es\/wp-json\/wp\/v2\/media?parent=12665"}],"curies":[{"name":"wp","href":"https:\/\/api.w.org\/{rel}","templated":true}]}}